{"id":164,"date":"2019-12-13T15:35:49","date_gmt":"2019-12-13T14:35:49","guid":{"rendered":"http:\/\/wp.ism-lagerlogistik.de\/?page_id=164"},"modified":"2023-12-04T19:23:57","modified_gmt":"2023-12-04T18:23:57","slug":"krane","status":"publish","type":"page","link":"https:\/\/wp.ism-lagerlogistik.de\/en\/krane\/","title":{"rendered":"Cranes"},"content":{"rendered":"<div data-elementor-type=\"wp-page\" data-elementor-id=\"164\" class=\"elementor elementor-164\">\n\t\t\t\t\t\t<div class=\"elementor-inner\">\n\t\t\t\t<div class=\"elementor-section-wrap\">\n\t\t\t\t\t\t\t\t\t<section class=\"elementor-section elementor-top-section elementor-element elementor-element-e70c0f6 elementor-section-boxed elementor-section-height-default elementor-section-height-default\" data-id=\"e70c0f6\" data-element_type=\"section\">\n\t\t\t\t\t\t<div class=\"elementor-container elementor-column-gap-default\">\n\t\t\t\t\t\t\t<div class=\"elementor-row\">\n\t\t\t\t\t<div class=\"elementor-column elementor-col-100 elementor-top-column elementor-element elementor-element-c451a3e\" data-id=\"c451a3e\" data-element_type=\"column\">\n\t\t\t<div class=\"elementor-column-wrap elementor-element-populated\">\n\t\t\t\t\t\t\t<div class=\"elementor-widget-wrap\">\n\t\t\t\t\t\t<div class=\"elementor-element elementor-element-a43f0df elementor-widget elementor-widget-heading\" data-id=\"a43f0df\" data-element_type=\"widget\" data-widget_type=\"heading.default\">\n\t\t\t\t<div class=\"elementor-widget-container\">\n\t\t\t<h1 class=\"elementor-heading-title elementor-size-default\">Training crane operator and slinger<\/h1>\t\t<\/div>\n\t\t\t\t<\/div>\n\t\t\t\t\t\t<\/div>\n\t\t\t\t\t<\/div>\n\t\t<\/div>\n\t\t\t\t\t\t\t\t<\/div>\n\t\t\t\t\t<\/div>\n\t\t<\/section>\n\t\t\t\t<section class=\"elementor-section elementor-top-section elementor-element elementor-element-97d5d3a elementor-section-boxed elementor-section-height-default elementor-section-height-default\" data-id=\"97d5d3a\" data-element_type=\"section\">\n\t\t\t\t\t\t<div class=\"elementor-container elementor-column-gap-default\">\n\t\t\t\t\t\t\t<div class=\"elementor-row\">\n\t\t\t\t\t<div class=\"elementor-column elementor-col-100 elementor-top-column elementor-element elementor-element-4a65fa0f\" data-id=\"4a65fa0f\" data-element_type=\"column\">\n\t\t\t<div class=\"elementor-column-wrap elementor-element-populated\">\n\t\t\t\t\t\t\t<div class=\"elementor-widget-wrap\">\n\t\t\t\t\t\t<div class=\"elementor-element elementor-element-3d5e9f29 elementor-widget elementor-widget-text-editor\" data-id=\"3d5e9f29\" data-element_type=\"widget\" data-widget_type=\"text-editor.default\">\n\t\t\t\t<div class=\"elementor-widget-container\">\n\t\t\t\t\t\t\t\t<div class=\"elementor-text-editor elementor-clearfix\">\n\t\t\t\t<h1><strong><span style=\"color: #f27405;\">Mit der ISM-Kranausbildung<\/span><\/strong><\/h1><p><span style=\"color: #f27405;\">(gem. DGUV G309-003) erwerben Sie oder Ihre Mitarbeiter den Bef\u00e4higungsnachweis f\u00fcr Krane gem\u00e4\u00df DGUV V52 &#8211; kurz Kranschein genannt.<\/span><\/p><p>Our crane training courses entitle the holder to operate power-operated, semi-power-operated, cab-operated, overhead and radio-controlled bridge cranes, jib cranes, loading cranes and gantry cranes without restriction if they have received the appropriate training.<\/p><p>Wir bieten diese Kranausbildungen sowohl als \u201einhouse-Schulung\u201c bei Ihnen im Betrieb als auch als externes Seminar an einem unserer Standorte (Krefeld, D\u00fcsseldorf und\/oder Duisburg) an. Damit bieten wir eine Kranausbildung, die auf Sicherheit setzt und den Unfallverh\u00fctungsvorschriften der Berufsgenossenschaften voll gerecht wird.<\/p><p>Our crane training is not only interesting for warehouse employees, crane and excavator operators, but also for all those involved in the maintenance or supervision of cranes. For example, our crane training is also recommended for foremen, plant foremen and foremen in structural and civil engineering, for occupational safety specialists, slingers, workshop personnel and employees who operate a crane as part of their job.<\/p><p>Crane training includes the teaching of comprehensive theoretical knowledge. For better understanding, we use modern technology in our courses. With film and PowerPoint presentations, complex contexts can be clearly presented and conveyed so that the participant can pass the theoretical examination at the end of the crane training.<\/p><p>Zu den Inhalten der theoretischen Kranausbildung geh\u00f6ren neben der Unfallverh\u00fctung auch wichtige Rechtsvorschriften. Au\u00dferdem vermitteln unsere Ausbilder, die selbstverst\u00e4ndlich auch selbst \u00fcber die hierf\u00fcr n\u00f6tigen Ausbildungen und Fachkenntnisse verf\u00fcgen, w\u00e4hrend der Kranausbildung auch Wissen rund um Aufbau und Funktionsweise der verschiedenen Kranarten, zum Berechnen und Anschlagen von Lasten sowie zu sicherheitsrelevanten Fragen bei der Arbeit mit dem Kran. Fahrpraktische \u00dcbungen zur Kranf\u00fchrerausbildung gem\u00e4\u00df dem DGUV G309-003 geh\u00f6ren als praktischer Ausbildungsteil zu unserer Ausbildung. Unsere Kranausbildung endet mit einer praktischen und einer theoretischen Pr\u00fcfung f\u00fcr den Kranf\u00fchrerschein.<\/p><h1><span style=\"color: #f27405;\"><strong>Crane operator trainer\" training<\/strong><\/span><\/h1><p>ISM nimmt Ihnen als Unternehmer den schwierigsten Teil in der Unterweisung Ihrer Mitarbeiter ab. In unseren Ausbilderseminaren (Dauer: f\u00fcnf Tage, insgesamt 42 UE\u2019s) bilden wir fachgerecht und sicher Mitarbeiter Ihres Unternehmens zum innerbetrieblichen Ausbilder aus. Ihre Mitarbeiter erwerben in unseren Seminaren die erforderliche sicherheitstechnische Fachkunde und das p\u00e4dagogische R\u00fcstzeug, das erforderliche Wissen in Theorie und Praxis sicher zu vermitteln. Nat\u00fcrlich geh\u00f6rt auch die praktische Unterweisung an den Ger\u00e4ten, die Sie f\u00fcr Ihren Arbeitseinsatz ben\u00f6tigen, zu unserer Ausbildung\u00a0 dazu.<\/p><p>Inhalte unserer Ausbilderseminare sind u.a.: Aufgaben der Berufsgenossenschaft; Rechtsgrundlagen beim Einsatz von\u00a0 betrieblichen Arbeitsmitteln (EU-Maschinen- und Arbeitsmittelrichtlinie, ProdSG, ArbSchG,\u00a0 ASiG, STVG, SGB, STVO, STVZO, MaschV, BetrSichV, DGUV V 1, 52, 68, DGUV R 100-500, DGUV G 309-003 -Kran, \u00a0 308-009 -Teleskopstapler, 308-001 -Flurf\u00f6rderzeuge, 308-008 &#8211; Hubb\u00fchne, VDI 2700 ff -Ladungssicherung); Haftung, Methodik\/Didaktik, Lernverhalten, Stoffsammlung und Stoffreduzierung, Einsatz von Medien, Erstellung von Ausbildungspl\u00e4nen, Erarbeiten von Lernzielen zur Unterweisung ,\u00a0 Unterweisungsmethoden, Lernerfolgs-kontrollen, fahrpraktischer bzw. praktischer Unterricht.<\/p><p>The instructors working in our seminars naturally have the necessary specialist knowledge and training for this activity as required by the professional associations.<\/p><h1><strong><span style=\"color: #f27405;\">Requirements for trainers seminars<\/span><\/strong><\/h1><p>For further information and the <a href=\"https:\/\/wp.ism-lagerlogistik.de\/en\/anforderungen-fuer-ausbilder-seminare\/\">Voraussetzungen f\u00fcr Teilnehmer unserer Ausbilderseminare entnehmen Sie bitte unseren Informationen f\u00fcr Ausbilderseminare<\/a> and our examination regulations and conditions of participation.<\/p><h2><span style=\"color: #f27405;\"><strong>Registration and further information<\/strong><\/span><\/h2><p>F\u00fcr Anmeldungen, Anfragen und weitere Informationen zu unseren Seminaren nutzen Sie bitte unser <a href=\"https:\/\/wp.ism-lagerlogistik.de\/en\/kontakt\/\">contact form<\/a>.<\/p>\t\t\t\t\t<\/div>\n\t\t\t\t\t\t<\/div>\n\t\t\t\t<\/div>\n\t\t\t\t\t\t<\/div>\n\t\t\t\t\t<\/div>\n\t\t<\/div>\n\t\t\t\t\t\t\t\t<\/div>\n\t\t\t\t\t<\/div>\n\t\t<\/section>\n\t\t\t\t<section class=\"elementor-section elementor-top-section elementor-element elementor-element-094aa2c elementor-section-boxed elementor-section-height-default elementor-section-height-default\" data-id=\"094aa2c\" data-element_type=\"section\">\n\t\t\t\t\t\t<div class=\"elementor-container elementor-column-gap-default\">\n\t\t\t\t\t\t\t<div class=\"elementor-row\">\n\t\t\t\t\t<div class=\"elementor-column elementor-col-100 elementor-top-column elementor-element elementor-element-a1845a7\" data-id=\"a1845a7\" data-element_type=\"column\">\n\t\t\t<div class=\"elementor-column-wrap elementor-element-populated\">\n\t\t\t\t\t\t\t<div class=\"elementor-widget-wrap\">\n\t\t\t\t\t\t<div class=\"elementor-element elementor-element-0db1086 elementor-widget elementor-widget-heading\" data-id=\"0db1086\" data-element_type=\"widget\" data-widget_type=\"heading.default\">\n\t\t\t\t<div class=\"elementor-widget-container\">\n\t\t\t<h2 class=\"elementor-heading-title elementor-size-default\"><a href=\"https:\/\/wp.ism-lagerlogistik.de\/en\/termine\/\">Current Dates<\/a><\/h2>\t\t<\/div>\n\t\t\t\t<\/div>\n\t\t\t\t\t\t<\/div>\n\t\t\t\t\t<\/div>\n\t\t<\/div>\n\t\t\t\t\t\t\t\t<\/div>\n\t\t\t\t\t<\/div>\n\t\t<\/section>\n\t\t\t\t<section class=\"elementor-section elementor-top-section elementor-element elementor-element-c26b83d elementor-section-boxed elementor-section-height-default elementor-section-height-default\" data-id=\"c26b83d\" data-element_type=\"section\">\n\t\t\t\t\t\t<div class=\"elementor-container elementor-column-gap-default\">\n\t\t\t\t\t\t\t<div class=\"elementor-row\">\n\t\t\t\t\t<div class=\"elementor-column elementor-col-100 elementor-top-column elementor-element elementor-element-1b7a28d\" data-id=\"1b7a28d\" data-element_type=\"column\">\n\t\t\t<div class=\"elementor-column-wrap elementor-element-populated\">\n\t\t\t\t\t\t\t<div class=\"elementor-widget-wrap\">\n\t\t\t\t\t\t<div class=\"elementor-element elementor-element-4942085 elementor-widget elementor-widget-wp-widget-eo_event_list_widget\" data-id=\"4942085\" data-element_type=\"widget\" data-widget_type=\"wp-widget-eo_event_list_widget.default\">\n\t\t\t\t<div class=\"elementor-widget-container\">\n\t\t\t<ul  class=\"eo-events eo-events-widget\"><li class=\"eo-event-venue-duisburg eo-event-cat-ausbilderseminare eo-event-cat-krane eo-event-cat-seminare eo-event-future eo-multi-day eo-all-day\"><a href=\"https:\/\/wp.ism-lagerlogistik.de\/en\/events\/event\/ausbilder-seminar-kranbedienerausbilder-sak-2426\/\">Ausbilder Seminar: Kranbedienerausbilder SAK 2426<\/a> vom 8. June 2026 bis 12. June 2026 <\/li><li class=\"eo-event-venue-duisburg eo-event-cat-ausbilderseminare eo-event-cat-gabelstapler eo-event-cat-hubarbeitsbuehnen eo-event-cat-krane eo-event-cat-seminare eo-event-future eo-multi-day eo-all-day\"><a href=\"https:\/\/wp.ism-lagerlogistik.de\/en\/events\/event\/ausbilder-seminar-kombifortbildung-bad2626\/\">Ausbilder Seminar: Kombifortbildung BAD2626<\/a> vom 22. June 2026 bis 26. June 2026 <\/li><li class=\"eo-event-venue-duisburg eo-event-cat-ausbilderseminare eo-event-cat-krane eo-event-cat-seminare eo-event-future eo-multi-day eo-all-day\"><a href=\"https:\/\/wp.ism-lagerlogistik.de\/en\/events\/event\/ausbilder-seminar-kranbedienerausbilder-sak-4126\/\">Ausbilder Seminar: Kranbedienerausbilder SAK 4126<\/a> vom 5. October 2026 bis 9. October 2026 <\/li><\/ul>\t\t<\/div>\n\t\t\t\t<\/div>\n\t\t\t\t\t\t<\/div>\n\t\t\t\t\t<\/div>\n\t\t<\/div>\n\t\t\t\t\t\t\t\t<\/div>\n\t\t\t\t\t<\/div>\n\t\t<\/section>\n\t\t\t\t\t\t\t\t\t<\/div>\n\t\t\t<\/div>\n\t\t\t\t\t<\/div>","protected":false},"excerpt":{"rendered":"<p>Ausbildung Kranbediener und Anschl\u00e4ger Mit der ISM-Kranausbildung (gem. DGUV G309-003) erwerben Sie oder Ihre Mitarbeiter den Bef\u00e4higungsnachweis f\u00fcr Krane gem\u00e4\u00df DGUV V52 &#8211; kurz Kranschein genannt. Unsere Kranausbildungen berechtigen zum uneingeschr\u00e4nkten Bedienen von kraft-, teilkraft-, kabinen-, flur- und funkgesteuerten Br\u00fccken-, Ausleger-, Lade- und Portalkranen bei entsprechender Ausbildung. Wir bieten diese Kranausbildungen sowohl als \u201einhouse-Schulung\u201c bei Ihnen im Betrieb als auch<\/p>\n<p><a class=\"more-link\" href=\"https:\/\/wp.ism-lagerlogistik.de\/en\/events\/event\/ausbilder-seminar-kranbedienerausbilder-sak-4126\/\">Read More<\/a><\/p>","protected":false},"author":1,"featured_media":765,"parent":0,"menu_order":0,"comment_status":"closed","ping_status":"closed","template":"","meta":{"_links_to":"","_links_to_target":""},"_links":{"self":[{"href":"https:\/\/wp.ism-lagerlogistik.de\/en\/wp-json\/wp\/v2\/pages\/164"}],"collection":[{"href":"https:\/\/wp.ism-lagerlogistik.de\/en\/wp-json\/wp\/v2\/pages"}],"about":[{"href":"https:\/\/wp.ism-lagerlogistik.de\/en\/wp-json\/wp\/v2\/types\/page"}],"author":[{"embeddable":true,"href":"https:\/\/wp.ism-lagerlogistik.de\/en\/wp-json\/wp\/v2\/users\/1"}],"replies":[{"embeddable":true,"href":"https:\/\/wp.ism-lagerlogistik.de\/en\/wp-json\/wp\/v2\/comments?post=164"}],"version-history":[{"count":39,"href":"https:\/\/wp.ism-lagerlogistik.de\/en\/wp-json\/wp\/v2\/pages\/164\/revisions"}],"predecessor-version":[{"id":961,"href":"https:\/\/wp.ism-lagerlogistik.de\/en\/wp-json\/wp\/v2\/pages\/164\/revisions\/961"}],"wp:featuredmedia":[{"embeddable":true,"href":"https:\/\/wp.ism-lagerlogistik.de\/en\/wp-json\/wp\/v2\/media\/765"}],"wp:attachment":[{"href":"https:\/\/wp.ism-lagerlogistik.de\/en\/wp-json\/wp\/v2\/media?parent=164"}],"curies":[{"name":"wp","href":"https:\/\/api.w.org\/{rel}","templated":true}]}}