{"id":168,"date":"2019-12-13T15:36:39","date_gmt":"2019-12-13T14:36:39","guid":{"rendered":"http:\/\/wp.ism-lagerlogistik.de\/?page_id=168"},"modified":"2023-12-04T19:23:43","modified_gmt":"2023-12-04T18:23:43","slug":"ladungssicherung","status":"publish","type":"page","link":"https:\/\/wp.ism-lagerlogistik.de\/en\/ladungssicherung\/","title":{"rendered":"Load securing"},"content":{"rendered":"<div data-elementor-type=\"wp-page\" data-elementor-id=\"168\" class=\"elementor elementor-168\">\n\t\t\t\t\t\t<div class=\"elementor-inner\">\n\t\t\t\t<div class=\"elementor-section-wrap\">\n\t\t\t\t\t\t\t\t\t<section class=\"elementor-section elementor-top-section elementor-element elementor-element-1210e87c elementor-section-boxed elementor-section-height-default elementor-section-height-default\" data-id=\"1210e87c\" data-element_type=\"section\">\n\t\t\t\t\t\t<div class=\"elementor-container elementor-column-gap-default\">\n\t\t\t\t\t\t\t<div class=\"elementor-row\">\n\t\t\t\t\t<div class=\"elementor-column elementor-col-100 elementor-top-column elementor-element elementor-element-4688868d\" data-id=\"4688868d\" data-element_type=\"column\">\n\t\t\t<div class=\"elementor-column-wrap elementor-element-populated\">\n\t\t\t\t\t\t\t<div class=\"elementor-widget-wrap\">\n\t\t\t\t\t\t<div class=\"elementor-element elementor-element-5c79c98f elementor-widget elementor-widget-text-editor\" data-id=\"5c79c98f\" data-element_type=\"widget\" data-widget_type=\"text-editor.default\">\n\t\t\t\t<div class=\"elementor-widget-container\">\n\t\t\t\t\t\t\t\t<div class=\"elementor-text-editor elementor-clearfix\">\n\t\t\t\t<div id=\"content_top\"><div id=\"block-nexus-page-title\"><h1 class=\"page-title\"><span style=\"color: #ff9900;\">Seminars on load securing<\/span><\/h1><\/div><\/div><div id=\"content-wrap\"><div id=\"block-nexus-content\"><article class=\"node node--type-story node--view-mode-full clearfix\" role=\"article\"><div><div class=\"field field--name-body field--type-text-with-summary field--label-hidden field__item\"><h2><span style=\"color: #ff9900;\"><strong>Arrive safely with goods in transit - ISM certificate course\nBasics of Load Securing (ISM)<br \/>Grundlagen der Ladungssicherung (ISM)<\/strong><\/span><\/h2><h3>\u00a0<\/h3><h3><strong>Load safely - avoid damage<\/strong><\/h3><p>According to an estimate by the German Insurance Association (GDV), in around 70 per cent of all journeys on public roads in Germany, the goods being transported are not secured or are inadequately secured.<\/p><p>This is an alarming figure, as every motorist is aware of the breaking news on the radio warning of lost loads on the road. Television and the press therefore report with sad regularity on serious accidents caused by inadequately secured loads, which produce a great deal of personal suffering for those affected and immense economic damage.<\/p><p>The reason why unsecured cargo can become a hazard is simple:<br \/>Every type of cargo - whether light or heavy - is exposed to the same forces during transport, forces that should not be underestimated.<\/p><p>These forces are responsible for the fact that even in everyday driving situations, such as when braking or during an evasive manoeuvre, the load can start to slide or fall off the loading area. And this happens just as quickly and abruptly with a twenty-kilo load as with a twenty-tonne load!<\/p><p>Therefore: The load must be correctly secured at the beginning of the transport process to protect the lives of the vehicle occupants and all other road users.<\/p><p>The ISM certificate course \"Fundamentals of Load Securing\" is aimed at all those involved in logistics and the transport of goods. It covers all important areas of the topic, such as legal basics, physical basics, requirements for the transport vehicle, load securing procedures, required securing forces, load unit formation.<br \/>It combines basic and in-depth theoretical content with extensive training in practice; all this in accordance with the corresponding VDI guideline 2700.<\/p><h1>Duration<\/h1><p><strong>Compact course:<\/strong>1 day, from 09:00 to approx. 17:00 . Suitable for employees who are entrusted with direct loading work on a daily basis and would like to acquire the necessary basic knowledge for their daily work.<\/p><p><strong>Intensive course:<\/strong>2 days, each from 09:00 hrs to approx. 17:00 hrs . Suitable for employees who are responsible for load securing in their daily work and want to be well prepared for their job.<\/p><h1>Seminar fees<\/h1><p>Der Preis betr\u00e4gt f\u00fcr den Kompaktkurs 149,00 Euro netto pro Teilnehmer und auf Basis von zwei Tagen bei Teilnehmern im Intensivkurs 649,00 Euro netto pro Teilnehmer. Der Preis versteht sich jeweils inklusive interner Seminarunterlagen sowie einem pers\u00f6nlichen Zertifikat.<\/p><\/div><h2><span style=\"color: #ff9900;\"><strong>Ausbildung der Ausbilder f\u00fcr <\/strong><\/span><strong><span style=\"color: #ff9900;\">Load securing<\/span> <\/strong><\/h2><p>ISM nimmt Ihnen als Unternehmer den schwierigsten Teil in der Unterweisung Ihrer Mitarbeiter ab. In unseren Ausbilderseminaren (Dauer: f\u00fcnf Tage, insgesamt 42 UE\u2019s) bilden wir fachgerecht und sicher Mitarbeiter Ihres Unternehmens zum innerbetrieblichen Ausbilder aus. Ihre Mitarbeiter erwerben in unseren Seminaren die erforderliche sicherheitstechnische Fachkunde und das p\u00e4dagogische R\u00fcstzeug, das erforderliche Wissen in Theorie und Praxis sicher zu vermitteln. Nat\u00fcrlich geh\u00f6rt auch die praktische Unterweisung an den Ger\u00e4ten, die Sie f\u00fcr Ihren Arbeitseinsatz ben\u00f6tigen, zu unserer Ausbildung\u00a0 dazu.<\/p><p>Inhalte unserer Ausbilderseminare sind u.a.: Aufgaben der Berufsgenossenschaft; Rechtsgrundlagen beim Einsatz von\u00a0 betrieblichen Arbeitsmitteln (EU-Maschinen- und Arbeitsmittelrichtlinie, ProdSG, ArbSchG,\u00a0 ASiG, STVG, SGB, STVO, STVZO, MaschV, BetrSichV, DGUV Vorschrift 1, 52, 68, DGUV Regel 100-500, DGUV Grundsatz 309-003 -Kran, \u00a0 308-009 -Teleskopstapler, 308-001 -Flurf\u00f6rderzeuge, 308-008 \u2013 Hubb\u00fchne, VDI 2700 ff -Ladungssicherung); Haftung, Methodik\/Didaktik, Lernverhalten, Stoffsammlung und Stoffreduzierung, Einsatz von Medien, Erstellung von Ausbildungspl\u00e4nen, Erarbeiten von Lernzielen zur Unterweisung ,\u00a0 Unterweisungsmethoden, Lernerfolgs-kontrollen, fahrpraktischer bzw. praktischer Unterricht.<\/p><p>The instructors working in our seminars naturally have the necessary specialist knowledge and training for this activity as required by the professional associations.<\/p><article role=\"article\"><h1><strong>Requirements for trainers seminars<\/strong><\/h1><p>For further information and the <a href=\"https:\/\/wp.ism-lagerlogistik.de\/en\/anforderungen-fuer-ausbilder-seminare\/\">Voraussetzungen f\u00fcr Teilnehmer unserer Ausbilderseminare entnehmen Sie bitte unseren Informationen f\u00fcr Ausbilderseminare<\/a> and our examination regulations and conditions of participation.<\/p><\/article><div class=\"field field--name-body field--type-text-with-summary field--label-hidden field__item\"><article role=\"article\"><h2><strong>Registration and further information<\/strong><\/h2><p>You can easily register directly via our <a href=\"https:\/\/wp.ism-lagerlogistik.de\/en\/anmeldung-seminare-2\/\">registration form.<\/a><\/p><p>For further information on our seminars please use our <a href=\"https:\/\/wp.ism-lagerlogistik.de\/en\/kontakt\/\">contact form<\/a><\/p><h2><a href=\"https:\/\/wp.ism-lagerlogistik.de\/en\/termine\/\"><strong>Current dates<\/strong><\/a><\/h2><\/article><\/div><\/div><\/article><\/div><\/div>\t\t\t\t\t<\/div>\n\t\t\t\t\t\t<\/div>\n\t\t\t\t<\/div>\n\t\t\t\t\t\t<\/div>\n\t\t\t\t\t<\/div>\n\t\t<\/div>\n\t\t\t\t\t\t\t\t<\/div>\n\t\t\t\t\t<\/div>\n\t\t<\/section>\n\t\t\t\t<section class=\"elementor-section elementor-top-section elementor-element elementor-element-57ab7e1 elementor-section-boxed elementor-section-height-default elementor-section-height-default\" data-id=\"57ab7e1\" data-element_type=\"section\">\n\t\t\t\t\t\t<div class=\"elementor-container elementor-column-gap-default\">\n\t\t\t\t\t\t\t<div class=\"elementor-row\">\n\t\t\t\t\t<div class=\"elementor-column elementor-col-100 elementor-top-column elementor-element elementor-element-b9dcb3d\" data-id=\"b9dcb3d\" data-element_type=\"column\">\n\t\t\t<div class=\"elementor-column-wrap elementor-element-populated\">\n\t\t\t\t\t\t\t<div class=\"elementor-widget-wrap\">\n\t\t\t\t\t\t<div class=\"elementor-element elementor-element-7db85c8 elementor-widget elementor-widget-wp-widget-eo_event_list_widget\" data-id=\"7db85c8\" data-element_type=\"widget\" data-widget_type=\"wp-widget-eo_event_list_widget.default\">\n\t\t\t\t<div class=\"elementor-widget-container\">\n\t\t\t<ul  class=\"eo-events eo-events-widget\"><li class=\"eo-event-venue-duisburg eo-event-cat-ausbilderseminare eo-event-cat-ladungssicherung eo-event-cat-seminare eo-event-future eo-multi-day eo-all-day\"><a href=\"https:\/\/wp.ism-lagerlogistik.de\/en\/events\/event\/ausbilder-seminar-ladungssicherung-sal3926\/\">Ausbilder Seminar: Ladungssicherung SAL3926<\/a> vom 21. September 2026 bis 25. September 2026 <\/li><\/ul>\t\t<\/div>\n\t\t\t\t<\/div>\n\t\t\t\t\t\t<\/div>\n\t\t\t\t\t<\/div>\n\t\t<\/div>\n\t\t\t\t\t\t\t\t<\/div>\n\t\t\t\t\t<\/div>\n\t\t<\/section>\n\t\t\t\t\t\t\t\t\t<\/div>\n\t\t\t<\/div>\n\t\t\t\t\t<\/div>","protected":false},"excerpt":{"rendered":"<p>Seminare Ladungssicherung Mit Transportg\u00fctern gut ankommen \u2013 ISM-ZertifikatslehrgangGrundlagen der Ladungssicherung (ISM) \u00a0 Sicher beladen \u2013 Sch\u00e4den vermeiden Einer Sch\u00e4tzung des Gesamtverbandes der Versicherer (GDV) zufolge, wird in Deutschland bei rund 70 Prozent aller Fahrten auf \u00f6ffentlichen Stra\u00dfen das Transportgut nicht oder unzureichend gesichert. Eine Zahl, die alarmieren muss, kennt doch jeder Autofahrer die Eilmeldungen des Verkehrsfunks, die vor verlorener Ladung<\/p>\n<p><a class=\"more-link\" href=\"https:\/\/wp.ism-lagerlogistik.de\/en\/events\/event\/ausbilder-seminar-ladungssicherung-sal3926\/\">Read More<\/a><\/p>","protected":false},"author":1,"featured_media":769,"parent":0,"menu_order":0,"comment_status":"closed","ping_status":"closed","template":"","meta":{"_links_to":"","_links_to_target":""},"_links":{"self":[{"href":"https:\/\/wp.ism-lagerlogistik.de\/en\/wp-json\/wp\/v2\/pages\/168"}],"collection":[{"href":"https:\/\/wp.ism-lagerlogistik.de\/en\/wp-json\/wp\/v2\/pages"}],"about":[{"href":"https:\/\/wp.ism-lagerlogistik.de\/en\/wp-json\/wp\/v2\/types\/page"}],"author":[{"embeddable":true,"href":"https:\/\/wp.ism-lagerlogistik.de\/en\/wp-json\/wp\/v2\/users\/1"}],"replies":[{"embeddable":true,"href":"https:\/\/wp.ism-lagerlogistik.de\/en\/wp-json\/wp\/v2\/comments?post=168"}],"version-history":[{"count":25,"href":"https:\/\/wp.ism-lagerlogistik.de\/en\/wp-json\/wp\/v2\/pages\/168\/revisions"}],"predecessor-version":[{"id":958,"href":"https:\/\/wp.ism-lagerlogistik.de\/en\/wp-json\/wp\/v2\/pages\/168\/revisions\/958"}],"wp:featuredmedia":[{"embeddable":true,"href":"https:\/\/wp.ism-lagerlogistik.de\/en\/wp-json\/wp\/v2\/media\/769"}],"wp:attachment":[{"href":"https:\/\/wp.ism-lagerlogistik.de\/en\/wp-json\/wp\/v2\/media?parent=168"}],"curies":[{"name":"wp","href":"https:\/\/api.w.org\/{rel}","templated":true}]}}