{"id":181,"date":"2019-12-13T15:42:43","date_gmt":"2019-12-13T14:42:43","guid":{"rendered":"http:\/\/wp.ism-lagerlogistik.de\/?page_id=181"},"modified":"2025-09-05T11:51:56","modified_gmt":"2025-09-05T09:51:56","slug":"anforderungen-fuer-ausbilder-seminare","status":"publish","type":"page","link":"https:\/\/wp.ism-lagerlogistik.de\/en\/anforderungen-fuer-ausbilder-seminare\/","title":{"rendered":"Requirements for trainers seminars"},"content":{"rendered":"<div data-elementor-type=\"wp-page\" data-elementor-id=\"181\" class=\"elementor elementor-181\">\n\t\t\t\t\t\t<div class=\"elementor-inner\">\n\t\t\t\t<div class=\"elementor-section-wrap\">\n\t\t\t\t\t\t\t\t\t<section class=\"elementor-section elementor-top-section elementor-element elementor-element-0dce2f8 elementor-section-boxed elementor-section-height-default elementor-section-height-default\" data-id=\"0dce2f8\" data-element_type=\"section\">\n\t\t\t\t\t\t<div class=\"elementor-container elementor-column-gap-default\">\n\t\t\t\t\t\t\t<div class=\"elementor-row\">\n\t\t\t\t\t<div class=\"elementor-column elementor-col-100 elementor-top-column elementor-element elementor-element-77eb550\" data-id=\"77eb550\" data-element_type=\"column\">\n\t\t\t<div class=\"elementor-column-wrap elementor-element-populated\">\n\t\t\t\t\t\t\t<div class=\"elementor-widget-wrap\">\n\t\t\t\t\t\t<div class=\"elementor-element elementor-element-18309c6 elementor-widget elementor-widget-heading\" data-id=\"18309c6\" data-element_type=\"widget\" data-widget_type=\"heading.default\">\n\t\t\t\t<div class=\"elementor-widget-container\">\n\t\t\t<h1 class=\"elementor-heading-title elementor-size-large\">Detailed information about your ISM Trainer Seminar. <\/h1>\t\t<\/div>\n\t\t\t\t<\/div>\n\t\t\t\t\t\t<\/div>\n\t\t\t\t\t<\/div>\n\t\t<\/div>\n\t\t\t\t\t\t\t\t<\/div>\n\t\t\t\t\t<\/div>\n\t\t<\/section>\n\t\t\t\t<section class=\"elementor-section elementor-top-section elementor-element elementor-element-eeb153b elementor-section-boxed elementor-section-height-default elementor-section-height-default\" data-id=\"eeb153b\" data-element_type=\"section\">\n\t\t\t\t\t\t<div class=\"elementor-container elementor-column-gap-default\">\n\t\t\t\t\t\t\t<div class=\"elementor-row\">\n\t\t\t\t\t<div class=\"elementor-column elementor-col-100 elementor-top-column elementor-element elementor-element-cbaf90f\" data-id=\"cbaf90f\" data-element_type=\"column\">\n\t\t\t<div class=\"elementor-column-wrap elementor-element-populated\">\n\t\t\t\t\t\t\t<div class=\"elementor-widget-wrap\">\n\t\t\t\t\t\t<div class=\"elementor-element elementor-element-39f2a2f elementor-widget elementor-widget-text-editor\" data-id=\"39f2a2f\" data-element_type=\"widget\" data-widget_type=\"text-editor.default\">\n\t\t\t\t<div class=\"elementor-widget-container\">\n\t\t\t\t\t\t\t\t<div class=\"elementor-text-editor elementor-clearfix\">\n\t\t\t\t<p><strong><span style=\"color: #f27405;\">1. general requirement<\/span><\/strong><\/p>\n<p><span style=\"color: #333333;\">General prerequisite that the participants should fulfil for the training of forklift truck instructors \/ crane instructors \/ aerial work platform operators \/ load securing instructors according to the legal as well as the specifications of the DGUV (BGB, MRL, MBRL, ProdSG, ArbSchG, ArbSiG, BetrSichV; forklift trucks\/telescopic forklifts : DGUV Grundsatz 308-001, 308-009 DGUV Vorschrift 68, crane: DGUV Grundsatz 309-003, DGUV Vorschrift 52, aerial work platforms: DGUV Rule 100-500, DGUV Principle 308-008, load securing: VDI 2700 ff) should be fulfilled:<\/span><\/p>\n<p><span style=\"color: #333333;\">The participant is at least 24 years old, already has two years' experience in handling or using forklift trucks\/cranes\/lifting platforms\/load securing,<\/span><br><span style=\"color: #333333;\">has himself\/herself successfully completed training as a driver of industrial trucks\/crane operator\/lifting platform operator\/load securing,<\/span><br><span style=\"color: #333333;\">is active as a foreman or in an equivalent position for at least four years. The participant is therefore qualified to draw up training concepts, to impart specialist knowledge, to lead a group through a training course; this applies, for example, to IHK-certified AEVO instructors, master craftsmen, engineers, occupational safety specialists or, of course, teachers or driving instructors.<\/span><\/p>\n<h3><strong><span style=\"color: #f27405;\">Here the claim of the Berufsgenossenschaften is justified and thus, if implemented accordingly, recognition is also given:<\/span><\/strong><\/h3>\n<p><span style=\"color: #333333;\">Trainers for forklift truck drivers\/crane drivers\/lifting platform operators must themselves be suitable and trained as forklift truck drivers\/crane drivers\/lifting platform operators and also as trainers: this means, for example, the AEVO training, which takes place, for example, as part of a master craftsman training.<\/span><br><span style=\"color: #333333;\">Driving instructors or teachers in general, for example, also receive pedagogical training as part of their training and are therefore also suitable and trained accordingly. In the case of a corresponding professional activity, this is also to be regarded as fulfilled in the individual case. It is of course also possible to carry out the driver\/operator training at the same time as the seminar, if required.<\/span><\/p>\n<p><span style=\"color: #333333;\">Crane training takes place on a bridge crane, jib crane and\/or on various truck-mounted loading cranes; aerial work platform training on scissor and telescopic aerial work platforms (mobile and\/or truck-mounted telescopic platform), here too driver training is possible in the seminar if required.<\/span><\/p>\n<p><span style=\"color: #333333;\">In the case of \"in-house seminars\" (which we generally highly recommend!) the practical training takes place on the work equipment (crane\/forklift\/lifting platform) in your company.<\/span><\/p>\n<p><span style=\"color: #333333;\">It is therefore clear that our seminar is part of the proof of competence that must be provided so that the requirements of the BG can be considered fulfilled.<\/span><br><span style=\"color: #333333;\">Only when all the above-mentioned requirements have been met can you work as a trainer for forklift truck drivers\/crane drivers\/lifting platform operators.<\/span><\/p>\n<p><span style=\"color: #333333;\">It is therefore possible to start with this seminar and complete other parts (e.g. the AEVO training or the forklift driver\/crane operator\/lifting platform operator training) later or at the same time.<\/span><\/p>\n<p><span style=\"color: #333333;\">These are the criteria of the BG, which we fully comply with and thus our trainer seminar is of course also the required proof of participation in a seminar for forklift\/crane\/lifting platform trainers; passing the examination parts is of course a prerequisite!<\/span><\/p>\n<h1><strong><span style=\"color: #f27405;\">2. number of participants<\/span><\/strong><\/h1>\n<p><span style=\"color: #333333;\">In-house training min. 2, max. 8 participants (exceptions possible on request);<\/span><\/p>\n<p><span style=\"color: #333333;\">External training max. eight participants\/training<\/span><\/p>\n<h1><strong><span style=\"color: #f27405;\">3. course contents<\/span><\/strong><\/h1>\n<h2><strong><span style=\"color: #f27405;\">Industrial truck driver<\/span><\/strong><\/h2>\n<p><span style=\"color: #333333;\">Legal basics, accident history, design and function of industrial trucks and attachments, types of drive, stability, operation in general, regular inspection, handling of loads, special operations, traffic regulations \/ traffic routes, final examination, practical exercises on forklift trucks, driving exercises according to DGUV G 308-001 or 308-009, theoretical and practical training and examination according to DGUV V 68 and DGUV G 308-001\/308-009.<\/span><\/p>\n<h2><strong><span style=\"color: #f27405;\">Kranbediener<\/span><\/strong><\/h2>\n<p><span style=\"color: #333333;\">Legal basics, accident history, types, structure and function of cranes, operation in general, regular inspection, handling of loads, sling types and means, final examination, practical exercises on the crane, driving exercises according to DGUV G 309-003, theoretical and practical training and examination according to DGUV V 52 and DGUV G 309-003.<\/span><\/p>\n<h2><strong><span style=\"color: #f27405;\">Aerial work platforms<\/span><\/strong><\/h2>\n<p><span style=\"color: #333333;\">Legal basics, accident history, types, construction and function of aerial work platforms, operation in general, regular inspection, handling in the different areas of application, final examination, practical exercises on aerial work platforms, driving exercises according to DGUV G 308-008, theoretical and practical training and examination according to DGUV R 100-501, 2.8 and DGUV G 308-008.<\/span><\/p>\n<h2><span style=\"color: #f27405;\"><strong>Load securing<\/strong><\/span><\/h2>\n<p><span style=\"color: #333333;\">Dangers of accidents and legal responsibility\/basics of transport and load securing, physical principles of load securing, vehicle superstructures and their strengths, lashing equipment and lashing points, properties of the load, types of load securing, determination of the required securing forces, work instructions for load securing, practical implementation of load securing measures using standard company examples (practical exercises), procedure for special load securing cases, theoretical and practical training and examination in accordance with VDI 2700.<\/span><\/p>\n<p><span style=\"color: #333333;\">Course content \"Training of trainers\" for forklift drivers, crane, aerial work platforms and load securing in addition to the above-mentioned subject-specific units:<\/span><\/p>\n<p><span style=\"color: #333333;\">Legal bases; Machinery Directive, Machinery Use Directive, Product Safety Act, liability, Ordinance on Industrial Safety and Health, Occupational Health and Safety Act, collection and reduction of material, preparation of training plans, instruction, instruction methods, use of media, learning success checks, practical teaching tests, theoretical and practical examinations, practical driving or practical instruction.<\/span><\/p>\n<h1><strong><span style=\"color: #f27405;\">4. course duration, dates<\/span><\/strong><\/h1>\n<p><span style=\"color: #333333;\">Five days for the trainers, 8 teaching units per day each. Exact start and end times by arrangement. Combined training (e.g. forklift and crane driver trainer) is possible. on special request. <\/span><span style=\"text-decoration: underline;\"><a href=\"https:\/\/wp.ism-lagerlogistik.de\/en\/kontakt\/\"><span style=\"color: #333333; text-decoration: underline;\">gesonderte Nachfrage.<\/span><\/a><\/span><\/p>\n<h1><strong><span style=\"color: #f27405;\">5. course costs, payment + location<\/span><\/strong><\/h1>\n<p><span style=\"color: #333333;\">For forklift \/ crane \/ aerial work platform operator \/ load securing instructors:<\/span><\/p>\n<h2><span style=\"color: #f27405;\"><strong>External training ISM training area <\/strong><\/span><\/h2>\n<h3><span style=\"color: #f27405;\"><strong><span lang=\"de\"><span style=\"font-family: Calibri;\">Standort BEW Duisburg<\/span><\/span><span lang=\"de\"><span style=\"font-family: Calibri;\">:<\/span><\/span> <span style=\"font-family: Calibri;\"><br><\/span><\/strong><\/span><\/h3>\n<p class=\"MsoNormal\"><span style=\"color: #000000;\">Grundseminar \u00fcber f\u00fcnf (5) Tage:&nbsp;&nbsp;&nbsp;&nbsp;&nbsp;&nbsp;&nbsp;&nbsp;&nbsp; \u20ac 2.390,-<\/span><br><span style=\"color: #000000;\">Kompaktseminar \u00fcber vier (4) Tage:&nbsp;&nbsp;&nbsp;&nbsp;&nbsp; \u20ac 1.890,-<\/span><br><span style=\"color: #000000;\">Kompaktseminar \u00fcber drei (3) Tage:&nbsp;&nbsp;&nbsp;&nbsp;&nbsp; \u20ac 1.490,-<\/span><br><span style=\"color: #000000;\">Preise jew. zzgl. ges. MwSt. :<\/span><\/p>\n<p><span style=\"color: #000000;\">Die vorgenannten Lehrgangskosten sind netto, d.h. die ges. Mehrwertsteuer in H\u00f6he von z.Zt. 19% kommt dazu. Seminarunterlagen und Pr\u00fcfungen (Theorie + Praxis) sind ebenso inbegriffen wie Getr\u00e4nke sowie Mittagessen\/Snacks in den Pausen.<\/span><\/p>\n<p><span style=\"color: #000000;\">Lediglich Maschinenbenutzungsgeb\u00fchren (Flurf\u00f6rderzeuge, Br\u00fcckenkran, Hubb\u00fchnen- und Fahrzeugladekranausbildungen) kommen nach Aufwand anteilig hinzu.<\/span><\/p>\n<h2><span style=\"color: #f27405;\"><strong>In-house training, nationwide<\/strong><\/span><\/h2>\n<p><span style=\"color: #333333;\">2-4 Teilnehmer: \u20ac2.390,- pro Teilnehmer zzgl. ges. MwSt. (Ausnahme 1 Teilnehmer: \u20ac3.990,-),<br>Preise f\u00fcr Gruppenbuchungen:<br><\/span><\/p>\n<table style=\"height: 245px;\" width=\"309\">\n<tbody>\n<tr>\n<td width=\"231\">\n<h3><strong>Teilnehmerzahl<\/strong><\/h3>\n<\/td>\n<td width=\"83\">\n<h3><strong>Gesamtpreis<\/strong><\/h3>\n<\/td>\n<td width=\"107\">\n<h3><strong>Preis<br>pro Person \u20ac<br><\/strong><\/h3>\n<\/td>\n<\/tr>\n<tr>\n<td>5 Personen<\/td>\n<td width=\"83\">10.725<\/td>\n<td width=\"107\">2.145<\/td>\n<\/tr>\n<tr>\n<td>6 Personen<\/td>\n<td width=\"83\">10.728<\/td>\n<td width=\"107\">1.788<\/td>\n<\/tr>\n<tr>\n<td>7 Personen<\/td>\n<td width=\"83\">15.127<\/td>\n<td width=\"107\">2.161<\/td>\n<\/tr>\n<tr>\n<td>8 Personen<\/td>\n<td width=\"83\">15.128<\/td>\n<td width=\"107\">1.891<\/td>\n<\/tr>\n<\/tbody>\n<\/table>\n<p><span style=\"color: #333333;\">Ausnahmen (Teilnehmeranzahl 1: 3.990 \u20ac ) sind auf Anfrage m\u00f6glich.<br>Ger\u00e4te\/Arbeitsmittel sowie Schulungsraum ist durch Auftraggeber kostenfrei zu stellen.<\/span><\/p>\n<p><span style=\"color: #333333;\">Inhouse-Schulung mehr als 50 KM Entfernung vom Standort Duisburg: zzgl. Kosten f\u00fcr Unterbringung und Verpflegung der Dozenten (\u00dc\/VP nach Aufwand) + Reise-\/Fahrzeit \u20ac 65,-\/Std + KM-Pauschale (1\u20ac\/KM).<\/span><\/p>\n<p><span style=\"color: #333333;\">Payment of the respective course fee shall be made after invoicing, but no later than 7 days before the start of the training.<\/span><\/p>\n<p><span style=\"color: #333333;\">Courses on load securing (warehouse staff and\/or load securing officers), lifting platforms (operators) and hazardous goods are also included in our range of seminars; <span style=\"text-decoration: underline;\"><a href=\"https:\/\/wp.ism-lagerlogistik.de\/en\/kontakt\/\"><span style=\"color: #333333; text-decoration: underline;\">If you are interested, please contact us.<\/span><\/a><\/span><\/span><\/p>\n<h2><span style=\"color: #ff6600;\"><strong>Registration and further information<\/strong><\/span><\/h2>\n<p>You can easily register directly via our <a href=\"https:\/\/wp.ism-lagerlogistik.de\/en\/anmeldung-seminare-2\/\">registration form.<\/a><\/p>\n<p>For further information on our seminars please use our <a href=\"https:\/\/wp.ism-lagerlogistik.de\/en\/kontakt\/\">contact form<\/a><\/p>\n<h1><a href=\"https:\/\/wp.ism-lagerlogistik.de\/en\/termine\/\"><strong>Current Dates<\/strong> <\/a><\/h1>\t\t\t\t\t<\/div>\n\t\t\t\t\t\t<\/div>\n\t\t\t\t<\/div>\n\t\t\t\t\t\t<\/div>\n\t\t\t\t\t<\/div>\n\t\t<\/div>\n\t\t\t\t\t\t\t\t<\/div>\n\t\t\t\t\t<\/div>\n\t\t<\/section>\n\t\t\t\t<section class=\"elementor-section elementor-top-section elementor-element elementor-element-f6691e7 elementor-section-boxed elementor-section-height-default elementor-section-height-default\" data-id=\"f6691e7\" data-element_type=\"section\">\n\t\t\t\t\t\t<div class=\"elementor-container elementor-column-gap-default\">\n\t\t\t\t\t\t\t<div class=\"elementor-row\">\n\t\t\t\t\t<div class=\"elementor-column elementor-col-100 elementor-top-column elementor-element elementor-element-ea417b6\" data-id=\"ea417b6\" data-element_type=\"column\">\n\t\t\t<div class=\"elementor-column-wrap\">\n\t\t\t\t\t\t\t<div class=\"elementor-widget-wrap\">\n\t\t\t\t\t\t\t\t<\/div>\n\t\t\t\t\t<\/div>\n\t\t<\/div>\n\t\t\t\t\t\t\t\t<\/div>\n\t\t\t\t\t<\/div>\n\t\t<\/section>\n\t\t\t\t<section class=\"elementor-section elementor-top-section elementor-element elementor-element-3f2a374 elementor-section-boxed elementor-section-height-default elementor-section-height-default\" data-id=\"3f2a374\" data-element_type=\"section\">\n\t\t\t\t\t\t<div class=\"elementor-container elementor-column-gap-default\">\n\t\t\t\t\t\t\t<div class=\"elementor-row\">\n\t\t\t\t\t<div class=\"elementor-column elementor-col-100 elementor-top-column elementor-element elementor-element-21ef5fd\" data-id=\"21ef5fd\" data-element_type=\"column\">\n\t\t\t<div class=\"elementor-column-wrap elementor-element-populated\">\n\t\t\t\t\t\t\t<div class=\"elementor-widget-wrap\">\n\t\t\t\t\t\t<div class=\"elementor-element elementor-element-80edec3 elementor-widget elementor-widget-shortcode\" data-id=\"80edec3\" data-element_type=\"widget\" data-widget_type=\"shortcode.default\">\n\t\t\t\t<div class=\"elementor-widget-container\">\n\t\t\t\t\t<div class=\"elementor-shortcode\"><ul  class=\"eo-events eo-events-shortcode\"><li class=\"eo-event-venue-duisburg eo-event-cat-ausbilderseminare eo-event-cat-gabelstapler eo-event-cat-seminare eo-event-future eo-multi-day eo-all-day\"> <a href=\"https:\/\/wp.ism-lagerlogistik.de\/en\/events\/event\/ausbilder-seminar-gabelstapler-sas-2026\/\">Ausbilder Seminar Gabelstapler SAS 2026<\/a> vom 11. May 2026 bis 15. May 2026 <\/li><li class=\"eo-event-venue-duisburg eo-event-cat-ausbilderseminare eo-event-cat-krane eo-event-cat-seminare eo-event-future eo-multi-day eo-all-day\"> <a href=\"https:\/\/wp.ism-lagerlogistik.de\/en\/events\/event\/ausbilder-seminar-kranbedienerausbilder-sak-2426\/\">Ausbilder Seminar: Kranbedienerausbilder SAK 2426<\/a> vom 8. June 2026 bis 12. June 2026 <\/li><li class=\"eo-event-venue-duisburg eo-event-cat-ausbilderseminare eo-event-cat-gabelstapler eo-event-cat-hubarbeitsbuehnen eo-event-cat-krane eo-event-cat-seminare eo-event-future eo-multi-day eo-all-day\"> <a href=\"https:\/\/wp.ism-lagerlogistik.de\/en\/events\/event\/ausbilder-seminar-kombifortbildung-bad2626\/\">Ausbilder Seminar: Kombifortbildung BAD2626<\/a> vom 22. June 2026 bis 26. June 2026 <\/li><li class=\"eo-event-venue-duisburg eo-event-cat-ausbilderseminare eo-event-cat-gabelstapler eo-event-cat-seminare eo-event-future eo-multi-day eo-all-day\"> <a href=\"https:\/\/wp.ism-lagerlogistik.de\/en\/events\/event\/ausbilder-seminar-gabelstapler-sas-2826\/\">Ausbilder Seminar Gabelstapler SAS 2826<\/a> vom 6. July 2026 bis 10. July 2026 <\/li><li class=\"eo-event-venue-duisburg eo-event-cat-ausbilderseminare eo-event-cat-gabelstapler eo-event-cat-seminare eo-event-future eo-multi-day eo-all-day\"> <a href=\"https:\/\/wp.ism-lagerlogistik.de\/en\/events\/event\/ausbilder-seminar-gabelstapler-sas-3726\/\">Ausbilder Seminar Gabelstapler SAS 3726<\/a> vom 7. September 2026 bis 11. September 2026 <\/li><li class=\"eo-event-venue-duisburg eo-event-cat-ausbilderseminare eo-event-cat-ladungssicherung eo-event-cat-seminare eo-event-future eo-multi-day eo-all-day\"> <a href=\"https:\/\/wp.ism-lagerlogistik.de\/en\/events\/event\/ausbilder-seminar-ladungssicherung-sal3926\/\">Ausbilder Seminar: Ladungssicherung SAL3926<\/a> vom 21. September 2026 bis 25. September 2026 <\/li><li class=\"eo-event-venue-duisburg eo-event-cat-ausbilderseminare eo-event-cat-krane eo-event-cat-seminare eo-event-future eo-multi-day eo-all-day\"> <a href=\"https:\/\/wp.ism-lagerlogistik.de\/en\/events\/event\/ausbilder-seminar-kranbedienerausbilder-sak-4126\/\">Ausbilder Seminar: Kranbedienerausbilder SAK 4126<\/a> vom 5. October 2026 bis 9. October 2026 <\/li><li class=\"eo-event-venue-duisburg eo-event-cat-ausbilderseminare eo-event-cat-hubarbeitsbuehnen eo-event-cat-seminare eo-event-future eo-multi-day eo-all-day\"> <a href=\"https:\/\/wp.ism-lagerlogistik.de\/en\/events\/event\/ausbilder-seminar-hubbuehnenbedienerausbilder-sah4226\/\">Ausbilder Seminar: Hubb\u00fchnenbedienerausbilder SAH4226<\/a> vom 12. October 2026 bis 16. October 2026 <\/li><li class=\"eo-event-venue-duisburg eo-event-cat-ausbilderseminare eo-event-cat-gabelstapler eo-event-cat-seminare eo-event-future eo-multi-day eo-all-day\"> <a href=\"https:\/\/wp.ism-lagerlogistik.de\/en\/events\/event\/ausbilder-seminar-gabelstapler-sas-4626\/\">Ausbilder Seminar Gabelstapler SAS 4626<\/a> vom 9. November 2026 bis 13. November 2026 <\/li><\/ul><\/div>\n\t\t\t\t<\/div>\n\t\t\t\t<\/div>\n\t\t\t\t\t\t<\/div>\n\t\t\t\t\t<\/div>\n\t\t<\/div>\n\t\t\t\t\t\t\t\t<\/div>\n\t\t\t\t\t<\/div>\n\t\t<\/section>\n\t\t\t\t\t\t\t\t\t<\/div>\n\t\t\t<\/div>\n\t\t\t\t\t<\/div>","protected":false},"excerpt":{"rendered":"<p>Detail Informationen zu Ihrem ISM Ausbilder Seminar. 1. Allgemeine Voraussetzung Allgemeine Voraussetzung, die die Teilnehmer f\u00fcr die Ausbildung der Gabelstaplerausbilder \/ Kranausbilder \/ Hubarbeitsb\u00fchnenbediener-\/ Ladungssicherungsausbilder nach den gesetzlichen sowie den Vorgaben der DGUV (BGB, MRL, MBRL, ProdSG, ArbSchG, ArbSiG, BetrSichV; Stapler\/Teleskopstapler : DGUV Grundsatz 308-001, 308-009 DGUV Vorschrift 68, Kran: DGUV Grundsatz 309-003, DGUV Vorschrift 52, Hubarbeitsb\u00fchnen: DGUV Regel 100-500,<\/p>\n<p><a class=\"more-link\" href=\"https:\/\/wp.ism-lagerlogistik.de\/en\/events\/event\/ausbilder-seminar-gabelstapler-sas-4626\/\">Read More<\/a><\/p>","protected":false},"author":1,"featured_media":0,"parent":0,"menu_order":0,"comment_status":"closed","ping_status":"closed","template":"","meta":{"_links_to":"","_links_to_target":""},"_links":{"self":[{"href":"https:\/\/wp.ism-lagerlogistik.de\/en\/wp-json\/wp\/v2\/pages\/181"}],"collection":[{"href":"https:\/\/wp.ism-lagerlogistik.de\/en\/wp-json\/wp\/v2\/pages"}],"about":[{"href":"https:\/\/wp.ism-lagerlogistik.de\/en\/wp-json\/wp\/v2\/types\/page"}],"author":[{"embeddable":true,"href":"https:\/\/wp.ism-lagerlogistik.de\/en\/wp-json\/wp\/v2\/users\/1"}],"replies":[{"embeddable":true,"href":"https:\/\/wp.ism-lagerlogistik.de\/en\/wp-json\/wp\/v2\/comments?post=181"}],"version-history":[{"count":74,"href":"https:\/\/wp.ism-lagerlogistik.de\/en\/wp-json\/wp\/v2\/pages\/181\/revisions"}],"predecessor-version":[{"id":1033,"href":"https:\/\/wp.ism-lagerlogistik.de\/en\/wp-json\/wp\/v2\/pages\/181\/revisions\/1033"}],"wp:attachment":[{"href":"https:\/\/wp.ism-lagerlogistik.de\/en\/wp-json\/wp\/v2\/media?parent=181"}],"curies":[{"name":"wp","href":"https:\/\/api.w.org\/{rel}","templated":true}]}}