{"id":31,"date":"2019-10-14T14:05:20","date_gmt":"2019-10-14T12:05:20","guid":{"rendered":"http:\/\/wp.ism-lagerlogistik.de\/?page_id=31"},"modified":"2022-08-12T13:07:49","modified_gmt":"2022-08-12T11:07:49","slug":"home","status":"publish","type":"page","link":"https:\/\/wp.ism-lagerlogistik.de\/en\/","title":{"rendered":"Home"},"content":{"rendered":"<div data-elementor-type=\"wp-page\" data-elementor-id=\"31\" class=\"elementor elementor-31\">\n\t\t\t\t\t\t<div class=\"elementor-inner\">\n\t\t\t\t<div class=\"elementor-section-wrap\">\n\t\t\t\t\t\t\t\t\t<section class=\"elementor-section elementor-top-section elementor-element elementor-element-e66c488 elementor-section-boxed elementor-section-height-default elementor-section-height-default\" data-id=\"e66c488\" data-element_type=\"section\">\n\t\t\t\t\t\t<div class=\"elementor-container elementor-column-gap-default\">\n\t\t\t\t\t\t\t<div class=\"elementor-row\">\n\t\t\t\t\t<div class=\"elementor-column elementor-col-50 elementor-top-column elementor-element elementor-element-4c1c6d8\" data-id=\"4c1c6d8\" data-element_type=\"column\">\n\t\t\t<div class=\"elementor-column-wrap elementor-element-populated\">\n\t\t\t\t\t\t\t<div class=\"elementor-widget-wrap\">\n\t\t\t\t\t\t<div class=\"elementor-element elementor-element-5b969ca elementor-widget elementor-widget-image\" data-id=\"5b969ca\" data-element_type=\"widget\" data-widget_type=\"image.default\">\n\t\t\t\t<div class=\"elementor-widget-container\">\n\t\t\t\t\t\t\t\t<div class=\"elementor-image\">\n\t\t\t\t\t\t\t\t\t\t\t\t<img width=\"768\" height=\"474\" src=\"https:\/\/wp.ism-lagerlogistik.de\/wp-content\/uploads\/2022\/07\/ausbilder-fuer-staplerfahrer-768x474.jpg\" class=\"attachment-medium_large size-medium_large\" alt=\"\" loading=\"lazy\" srcset=\"https:\/\/wp.ism-lagerlogistik.de\/wp-content\/uploads\/2022\/07\/ausbilder-fuer-staplerfahrer-768x474.jpg 768w, https:\/\/wp.ism-lagerlogistik.de\/wp-content\/uploads\/2022\/07\/ausbilder-fuer-staplerfahrer-300x185.jpg 300w, https:\/\/wp.ism-lagerlogistik.de\/wp-content\/uploads\/2022\/07\/ausbilder-fuer-staplerfahrer-1024x632.jpg 1024w, https:\/\/wp.ism-lagerlogistik.de\/wp-content\/uploads\/2022\/07\/ausbilder-fuer-staplerfahrer-1536x949.jpg 1536w, https:\/\/wp.ism-lagerlogistik.de\/wp-content\/uploads\/2022\/07\/ausbilder-fuer-staplerfahrer-2048x1265.jpg 2048w, https:\/\/wp.ism-lagerlogistik.de\/wp-content\/uploads\/2022\/07\/ausbilder-fuer-staplerfahrer-18x12.jpg 18w, https:\/\/wp.ism-lagerlogistik.de\/wp-content\/uploads\/2022\/07\/ausbilder-fuer-staplerfahrer-800x494.jpg 800w\" sizes=\"(max-width: 768px) 100vw, 768px\" \/>\t\t\t\t\t\t\t\t\t\t\t\t\t\t<\/div>\n\t\t\t\t\t\t<\/div>\n\t\t\t\t<\/div>\n\t\t\t\t\t\t<\/div>\n\t\t\t\t\t<\/div>\n\t\t<\/div>\n\t\t\t\t<div class=\"elementor-column elementor-col-50 elementor-top-column elementor-element elementor-element-9a13f20\" data-id=\"9a13f20\" data-element_type=\"column\">\n\t\t\t<div class=\"elementor-column-wrap elementor-element-populated\">\n\t\t\t\t\t\t\t<div class=\"elementor-widget-wrap\">\n\t\t\t\t\t\t<div class=\"elementor-element elementor-element-143cada elementor-widget elementor-widget-text-editor\" data-id=\"143cada\" data-element_type=\"widget\" data-widget_type=\"text-editor.default\">\n\t\t\t\t<div class=\"elementor-widget-container\">\n\t\t\t\t\t\t\t\t<div class=\"elementor-text-editor elementor-clearfix\">\n\t\t\t\t<h1><strong><span style=\"color: #ff9900;\"><span style=\"color: #6ec1e4;\">Erstklassige Seminare<\/span><br \/><\/span><\/strong><\/h1><p>Die Fachleute und Dozenten des Instituts f\u00fcr Sicherheit und Mobilit\u00e4t<br \/>(ISM) geben Ihre praktisch erworbene Berufserfahrung zu den Themen<br \/>Lagerlogistik und Materialwirtschaft gerne auch an Ihre Mitarbeiter<br \/>weiter. Werfen Sie doch einfach einmal einen Blick in unsere <a href=\"https:\/\/wp.ism-lagerlogistik.de\/wp-content\/uploads\/2022\/08\/ism-lagerlogistik_Imagebroschuere.pdf\" target=\"_blank\" rel=\"noopener\">image brochure<\/a>; f\u00fcr Sie ist bestimmt etwas dabei!.<\/p>\t\t\t\t\t<\/div>\n\t\t\t\t\t\t<\/div>\n\t\t\t\t<\/div>\n\t\t\t\t\t\t<\/div>\n\t\t\t\t\t<\/div>\n\t\t<\/div>\n\t\t\t\t\t\t\t\t<\/div>\n\t\t\t\t\t<\/div>\n\t\t<\/section>\n\t\t\t\t<section class=\"elementor-section elementor-top-section elementor-element elementor-element-84705c1 elementor-section-boxed elementor-section-height-default elementor-section-height-default\" data-id=\"84705c1\" data-element_type=\"section\">\n\t\t\t\t\t\t<div class=\"elementor-container elementor-column-gap-default\">\n\t\t\t\t\t\t\t<div class=\"elementor-row\">\n\t\t\t\t\t<div class=\"elementor-column elementor-col-100 elementor-top-column elementor-element elementor-element-cf54763\" data-id=\"cf54763\" data-element_type=\"column\">\n\t\t\t<div class=\"elementor-column-wrap elementor-element-populated\">\n\t\t\t\t\t\t\t<div class=\"elementor-widget-wrap\">\n\t\t\t\t\t\t<div class=\"elementor-element elementor-element-900a5ec elementor-widget elementor-widget-text-editor\" data-id=\"900a5ec\" data-element_type=\"widget\" data-widget_type=\"text-editor.default\">\n\t\t\t\t<div class=\"elementor-widget-container\">\n\t\t\t\t\t\t\t\t<div class=\"elementor-text-editor elementor-clearfix\">\n\t\t\t\t<h2 style=\"text-align: left;\"><strong><span style=\"color: #ff9900;\">Advice and implementation for staff qualification<\/span><\/strong><\/h2><p style=\"text-align: left;\"><a href=\"https:\/\/wp.ism-lagerlogistik.de\/en\/seminare\/\">Training and further education<\/a> of <a href=\"https:\/\/wp.ism-lagerlogistik.de\/en\/gabelstapler\/\">forklift truck operators<\/a>, <a href=\"https:\/\/wp.ism-lagerlogistik.de\/en\/hubarbeitsbuehnen\/\">lifting platform operators<\/a> and <a href=\"https:\/\/wp.ism-lagerlogistik.de\/en\/krane\/\">craneoperators<\/a><br \/><a href=\"https:\/\/wp.ism-lagerlogistik.de\/en\/seminare\/\">Training as a trainer<\/a> for operators of forklift trucks, lifting platforms and cranes,<br \/>Rack inspections (in accordance with DIN EN 15635)<br \/>Process coordination<br \/>Occupational safety<br \/>Hazardous goods<br \/>Load securing<br \/>Warehouse logistics<\/p><p style=\"text-align: left;\">In addition to standard courses, we offer intensive courses and, of course, refresher courses. In any case, you can be sure that you will always receive tailor-made training and further education for your employees.<\/p><p style=\"text-align: left;\">If you are interested and\/or would like further information, please contact us by mail or telephone: <a href=\"https:\/\/wp.ism-lagerlogistik.de\/en\/kontakt\/\">contact<\/a>.<\/p><h2><strong>Seminars Registration and further information<\/strong><\/h2><p>You can easily register directly via our <a href=\"https:\/\/wp.ism-lagerlogistik.de\/en\/anmeldung-seminare-2\/\">registration form <\/a>.<\/p><p>For further information on our seminars please use our <a href=\"https:\/\/wp.ism-lagerlogistik.de\/en\/kontakt\/\">contact form<\/a><\/p>\t\t\t\t\t<\/div>\n\t\t\t\t\t\t<\/div>\n\t\t\t\t<\/div>\n\t\t\t\t\t\t<\/div>\n\t\t\t\t\t<\/div>\n\t\t<\/div>\n\t\t\t\t\t\t\t\t<\/div>\n\t\t\t\t\t<\/div>\n\t\t<\/section>\n\t\t\t\t<section class=\"elementor-section elementor-top-section elementor-element elementor-element-ad7b9d8 elementor-section-boxed elementor-section-height-default elementor-section-height-default\" data-id=\"ad7b9d8\" data-element_type=\"section\">\n\t\t\t\t\t\t<div class=\"elementor-container elementor-column-gap-default\">\n\t\t\t\t\t\t\t<div class=\"elementor-row\">\n\t\t\t\t\t<div class=\"elementor-column elementor-col-50 elementor-top-column elementor-element elementor-element-763750d\" data-id=\"763750d\" data-element_type=\"column\">\n\t\t\t<div class=\"elementor-column-wrap elementor-element-populated\">\n\t\t\t\t\t\t\t<div class=\"elementor-widget-wrap\">\n\t\t\t\t\t\t<div class=\"elementor-element elementor-element-1e4ecd4 elementor-widget elementor-widget-image\" data-id=\"1e4ecd4\" data-element_type=\"widget\" data-widget_type=\"image.default\">\n\t\t\t\t<div class=\"elementor-widget-container\">\n\t\t\t\t\t\t\t\t<div class=\"elementor-image\">\n\t\t\t\t\t\t\t\t\t<figure class=\"wp-caption\">\n\t\t\t\t\t\t\t\t\t\t<img width=\"770\" height=\"514\" src=\"https:\/\/wp.ism-lagerlogistik.de\/wp-content\/uploads\/2019\/11\/ISM-Lagerlogistik-Detlef-Schuermann.jpg\" class=\"attachment-large size-large\" alt=\"\" loading=\"lazy\" srcset=\"https:\/\/wp.ism-lagerlogistik.de\/wp-content\/uploads\/2019\/11\/ISM-Lagerlogistik-Detlef-Schuermann.jpg 770w, https:\/\/wp.ism-lagerlogistik.de\/wp-content\/uploads\/2019\/11\/ISM-Lagerlogistik-Detlef-Schuermann-300x200.jpg 300w, https:\/\/wp.ism-lagerlogistik.de\/wp-content\/uploads\/2019\/11\/ISM-Lagerlogistik-Detlef-Schuermann-768x513.jpg 768w\" sizes=\"(max-width: 770px) 100vw, 770px\" \/>\t\t\t\t\t\t\t\t\t\t\t<figcaption class=\"widget-image-caption wp-caption-text\">Detlef Sch\u00fcrmann, Gesch\u00e4ftsf\u00fchrer<\/figcaption>\n\t\t\t\t\t\t\t\t\t\t<\/figure>\n\t\t\t\t\t\t\t\t<\/div>\n\t\t\t\t\t\t<\/div>\n\t\t\t\t<\/div>\n\t\t\t\t\t\t<\/div>\n\t\t\t\t\t<\/div>\n\t\t<\/div>\n\t\t\t\t<div class=\"elementor-column elementor-col-50 elementor-top-column elementor-element elementor-element-313ae54\" data-id=\"313ae54\" data-element_type=\"column\">\n\t\t\t<div class=\"elementor-column-wrap elementor-element-populated\">\n\t\t\t\t\t\t\t<div class=\"elementor-widget-wrap\">\n\t\t\t\t\t\t<div class=\"elementor-element elementor-element-1687955 elementor-widget elementor-widget-heading\" data-id=\"1687955\" data-element_type=\"widget\" data-widget_type=\"heading.default\">\n\t\t\t\t<div class=\"elementor-widget-container\">\n\t\t\t<h2 class=\"elementor-heading-title elementor-size-default\">\"...we set standards!\" ...nationwide, of course! (recognised training company according to BKrFQG)\n<\/h2>\t\t<\/div>\n\t\t\t\t<\/div>\n\t\t\t\t\t\t<\/div>\n\t\t\t\t\t<\/div>\n\t\t<\/div>\n\t\t\t\t\t\t\t\t<\/div>\n\t\t\t\t\t<\/div>\n\t\t<\/section>\n\t\t\t\t\t\t\t\t\t<\/div>\n\t\t\t<\/div>\n\t\t\t\t\t<\/div>","protected":false},"excerpt":{"rendered":"<p>Erstklassige Seminare Die Fachleute und Dozenten des Instituts f\u00fcr Sicherheit und Mobilit\u00e4t(ISM) geben Ihre praktisch erworbene Berufserfahrung zu den ThemenLagerlogistik und Materialwirtschaft gerne auch an Ihre Mitarbeiterweiter. Werfen Sie doch einfach einmal einen Blick in unsere Imagebrosch\u00fcre; f\u00fcr Sie ist bestimmt etwas dabei!. Beratung und Umsetzung bei Mitarbeiterqualifizierung Aus- und Weiterbildung von Gabelstaplerfahrern, Hubb\u00fchnenbedienern und Kranf\u00fchrernAusbildung zum Ausbilder f\u00fcr Bediener<\/p>\n<p><a class=\"more-link\" href=\"https:\/\/wp.ism-lagerlogistik.de\/en\/\">Read More<\/a><\/p>","protected":false},"author":1,"featured_media":0,"parent":0,"menu_order":0,"comment_status":"closed","ping_status":"closed","template":"","meta":{"_links_to":"","_links_to_target":""},"_links":{"self":[{"href":"https:\/\/wp.ism-lagerlogistik.de\/en\/wp-json\/wp\/v2\/pages\/31"}],"collection":[{"href":"https:\/\/wp.ism-lagerlogistik.de\/en\/wp-json\/wp\/v2\/pages"}],"about":[{"href":"https:\/\/wp.ism-lagerlogistik.de\/en\/wp-json\/wp\/v2\/types\/page"}],"author":[{"embeddable":true,"href":"https:\/\/wp.ism-lagerlogistik.de\/en\/wp-json\/wp\/v2\/users\/1"}],"replies":[{"embeddable":true,"href":"https:\/\/wp.ism-lagerlogistik.de\/en\/wp-json\/wp\/v2\/comments?post=31"}],"version-history":[{"count":63,"href":"https:\/\/wp.ism-lagerlogistik.de\/en\/wp-json\/wp\/v2\/pages\/31\/revisions"}],"predecessor-version":[{"id":874,"href":"https:\/\/wp.ism-lagerlogistik.de\/en\/wp-json\/wp\/v2\/pages\/31\/revisions\/874"}],"wp:attachment":[{"href":"https:\/\/wp.ism-lagerlogistik.de\/en\/wp-json\/wp\/v2\/media?parent=31"}],"curies":[{"name":"wp","href":"https:\/\/api.w.org\/{rel}","templated":true}]}}