{"id":502,"date":"2021-04-02T17:16:10","date_gmt":"2021-04-02T15:16:10","guid":{"rendered":"http:\/\/wp.ism-lagerlogistik.de\/?page_id=502"},"modified":"2022-12-15T12:38:16","modified_gmt":"2022-12-15T11:38:16","slug":"aktuelles","status":"publish","type":"page","link":"https:\/\/wp.ism-lagerlogistik.de\/en\/aktuelles\/","title":{"rendered":"news"},"content":{"rendered":"<h1>Ausbilderseminare f\u00fcr Erdbaumaschinen<\/h1>\n<p>DGUV Grundsatz 301-005 Qualifizierung und Beauftragung von Fahrern und Fahrerinnen von Hydraulikbaggern und Radladern.<\/p>\n<p>Termine folgen!<\/p>\n<p>&nbsp;<\/p>\n<h1>Kompaktseminare<\/h1>\n<p>Zweimal pro Jahr bieten wir jetzt auch Ausbilderseminare in Kompaktform an.<\/p>\n<p>Zielgruppe sind Fachkr\u00e4fte f\u00fcr Arbeitssicherheit, die bereits erfolgreich als Ausbilder arbeiten und somit bereits \u00fcber Erfahrung\/Kenntnisse im Fachgebiet Arbeitsrecht\/Arbeitssicherheit und auch in der Ausbildung verf\u00fcgen.<\/p>\n<p>Die zus\u00e4tzliche Besonderheit ist hier, dass Teilnehmer dieses neuen Ausbilderseminarkonzeptes sich bereits im Vorfeld eigenst\u00e4ndig in die Fachkunde einarbeiten m\u00fcssen und auch die jeweilige Fachkundepr\u00fcfung \u201eLehrprobe\u201c und den \u201efreien Vortrag\u201c bereits erarbeitet haben, wenn sie zum Seminar \u201esto\u00dfen\u201c.<\/p>\n<p>Dadurch fallen im Seminar vor Ort nur zwei Pr\u00e4senztage an.<\/p>\n<p>Kosten pro Teilnehmer: \u20ac 995,-<\/p>\n<p>Termine finden Sie hier: <a href=\"https:\/\/wp.ism-lagerlogistik.de\/en\/termine\/\">Current Dates<\/a>.<\/p>","protected":false},"excerpt":{"rendered":"<p>Ausbilderseminare f\u00fcr Erdbaumaschinen DGUV Grundsatz 301-005 Qualifizierung und Beauftragung von Fahrern und Fahrerinnen von Hydraulikbaggern und Radladern. Termine folgen! &nbsp; Kompaktseminare Zweimal pro Jahr bieten wir jetzt auch Ausbilderseminare in Kompaktform an. Zielgruppe sind Fachkr\u00e4fte f\u00fcr Arbeitssicherheit, die bereits erfolgreich als Ausbilder arbeiten und somit bereits \u00fcber Erfahrung\/Kenntnisse im Fachgebiet Arbeitsrecht\/Arbeitssicherheit und auch in der Ausbildung verf\u00fcgen. Die zus\u00e4tzliche Besonderheit<\/p>\n<p><a class=\"more-link\" href=\"https:\/\/wp.ism-lagerlogistik.de\/en\/aktuelles\/\">Read More<\/a><\/p>","protected":false},"author":1,"featured_media":0,"parent":0,"menu_order":0,"comment_status":"closed","ping_status":"closed","template":"","meta":{"_links_to":"","_links_to_target":""},"_links":{"self":[{"href":"https:\/\/wp.ism-lagerlogistik.de\/en\/wp-json\/wp\/v2\/pages\/502"}],"collection":[{"href":"https:\/\/wp.ism-lagerlogistik.de\/en\/wp-json\/wp\/v2\/pages"}],"about":[{"href":"https:\/\/wp.ism-lagerlogistik.de\/en\/wp-json\/wp\/v2\/types\/page"}],"author":[{"embeddable":true,"href":"https:\/\/wp.ism-lagerlogistik.de\/en\/wp-json\/wp\/v2\/users\/1"}],"replies":[{"embeddable":true,"href":"https:\/\/wp.ism-lagerlogistik.de\/en\/wp-json\/wp\/v2\/comments?post=502"}],"version-history":[{"count":9,"href":"https:\/\/wp.ism-lagerlogistik.de\/en\/wp-json\/wp\/v2\/pages\/502\/revisions"}],"predecessor-version":[{"id":895,"href":"https:\/\/wp.ism-lagerlogistik.de\/en\/wp-json\/wp\/v2\/pages\/502\/revisions\/895"}],"wp:attachment":[{"href":"https:\/\/wp.ism-lagerlogistik.de\/en\/wp-json\/wp\/v2\/media?parent=502"}],"curies":[{"name":"wp","href":"https:\/\/api.w.org\/{rel}","templated":true}]}}