{"id":59,"date":"2019-11-25T13:25:49","date_gmt":"2019-11-25T12:25:49","guid":{"rendered":"http:\/\/wp.ism-lagerlogistik.de\/?page_id=59"},"modified":"2023-09-29T13:26:48","modified_gmt":"2023-09-29T11:26:48","slug":"impressum","status":"publish","type":"page","link":"https:\/\/wp.ism-lagerlogistik.de\/en\/impressum\/","title":{"rendered":"Imprint"},"content":{"rendered":"<div id=\"content_top\">\n<div id=\"block-nexus-page-title\">\n<h1 class=\"page-title\">Imprint<\/h1>\n<\/div>\n<\/div>\n<div id=\"content-wrap\">\n<div id=\"block-nexus-content\">\n<article class=\"node node--type-page node--view-mode-full clearfix\" role=\"article\">\n<div>\n<div class=\"field field--name-body field--type-text-with-summary field--label-hidden field__item\">\n<h2>Provider information according to the German Telemedia Act (TMG)<\/h2>\n<p>\u00a9 2009 &#8211; 2023 by Detlef Sch\u00fcrmann<br \/>\nChristian-von-Wolff-Weg 16<br \/>\n47447 Moers<br \/>\nMobil \u00a0 (0170) 287 66 57<br \/>\nE-Mail: ism.kontakt@ism-lagerlogistik.de<br \/>\nUSt-ID: DE253601563<\/p>\n<h2>Legal notice<\/h2>\n<p>The contents of the website are protected by copyright. All rights, including those of translation, reprinting and reproduction of the complete work or parts thereof, are reserved. No part may be reproduced in any form (photocopy, microfilm or any other process) or processed, duplicated or distributed using electronic systems without written permission, not even for the purpose of teaching. The reproduction of common names, trade names, product designations, etc. on the website, even without special labelling, does not entitle the user to assume that such names are to be considered free within the meaning of trademark and brand protection legislation and may therefore be used by anyone. All information contained on the website has been compiled to the best of our knowledge and with care. Nevertheless, errors cannot be completely ruled out. The publisher is grateful for suggestions for improvement and information on errors. The publisher reserves the right to make changes or additions to the information or data provided without prior notice. Nevertheless, liability or guarantee for the topicality, correctness and completeness of the reproduced information and data is excluded. This notice applies in particular to all other websites referred to by hyperlinks. The publisher is not responsible for the content of these websites. All information or data, their use and the login to the website and all actions, toleration or omissions in connection with the website are subject exclusively to German law. The place of performance and exclusive place of jurisdiction is Duisburg. The publisher also refers to the decision 19 U 2\/00 of the Higher Regional Court of Cologne of 25.08.2000, which grants a \"virtual domiciliary right\" to avoid disturbances, of which the publisher makes use if necessary.<\/p>\n<p><a href=\"http:\/\/wp.ism-lagerlogistik.de\/en\/wp-login.php\/\">Log in<\/a><\/p>\n<\/div>\n<div class=\"field field--name-body field--type-text-with-summary field--label-hidden field__item\">\n<p>&nbsp;<\/p>\n<\/div>\n<\/div>\n<\/article>\n<\/div>\n<\/div>","protected":false},"excerpt":{"rendered":"<p>Impressum Anbieterinformation nach dem Telemediengesetz (TMG) \u00a9 2009 &#8211; 2023 by Detlef Sch\u00fcrmann Christian-von-Wolff-Weg 16 47447 Moers Mobil \u00a0 (0170) 287 66 57 E-Mail: ism.kontakt@ism-lagerlogistik.de USt-ID: DE253601563 Rechtlicher Hinweis Die Inhalte der Internetseite sind urheberrechtlich gesch\u00fctzt. Alle Rechte, auch die der \u00dcbersetzung, des Nachdrucks und der Vervielf\u00e4ltigung des Gesamtwerks oder Teilen daraus, vorbehalten. Kein Teil darf ohne schriftliche Genehmigung in<\/p>\n<p><a class=\"more-link\" href=\"https:\/\/wp.ism-lagerlogistik.de\/en\/impressum\/\">Read More<\/a><\/p>","protected":false},"author":1,"featured_media":0,"parent":0,"menu_order":0,"comment_status":"closed","ping_status":"closed","template":"","meta":{"_links_to":"","_links_to_target":""},"_links":{"self":[{"href":"https:\/\/wp.ism-lagerlogistik.de\/en\/wp-json\/wp\/v2\/pages\/59"}],"collection":[{"href":"https:\/\/wp.ism-lagerlogistik.de\/en\/wp-json\/wp\/v2\/pages"}],"about":[{"href":"https:\/\/wp.ism-lagerlogistik.de\/en\/wp-json\/wp\/v2\/types\/page"}],"author":[{"embeddable":true,"href":"https:\/\/wp.ism-lagerlogistik.de\/en\/wp-json\/wp\/v2\/users\/1"}],"replies":[{"embeddable":true,"href":"https:\/\/wp.ism-lagerlogistik.de\/en\/wp-json\/wp\/v2\/comments?post=59"}],"version-history":[{"count":4,"href":"https:\/\/wp.ism-lagerlogistik.de\/en\/wp-json\/wp\/v2\/pages\/59\/revisions"}],"predecessor-version":[{"id":917,"href":"https:\/\/wp.ism-lagerlogistik.de\/en\/wp-json\/wp\/v2\/pages\/59\/revisions\/917"}],"wp:attachment":[{"href":"https:\/\/wp.ism-lagerlogistik.de\/en\/wp-json\/wp\/v2\/media?parent=59"}],"curies":[{"name":"wp","href":"https:\/\/api.w.org\/{rel}","templated":true}]}}